{"id":1012690,"date":"2022-09-26T08:53:00","date_gmt":"2022-09-26T08:53:00","guid":{"rendered":"https:\/\/www.dataction.com\/sectoren\/logistiek\/havenbedrijven\/"},"modified":"2023-12-20T16:55:39","modified_gmt":"2023-12-20T16:55:39","slug":"les-entreprises-portuaires","status":"publish","type":"page","link":"https:\/\/www.dataction.com\/fr\/secteurs\/logistique\/les-entreprises-portuaires\/","title":{"rendered":"Entreprises portuaires"},"content":{"rendered":"[vc_row type=\u00a0\u00bbin_container\u00a0\u00bb full_screen_row_position=\u00a0\u00bbmiddle\u00a0\u00bb column_margin=\u00a0\u00bbdefault\u00a0\u00bb column_direction=\u00a0\u00bbdefault\u00a0\u00bb column_direction_tablet=\u00a0\u00bbdefault\u00a0\u00bb column_direction_phone=\u00a0\u00bbdefault\u00a0\u00bb scene_position=\u00a0\u00bbcenter\u00a0\u00bb text_color=\u00a0\u00bbdark\u00a0\u00bb text_align=\u00a0\u00bbleft\u00a0\u00bb row_border_radius=\u00a0\u00bbnone\u00a0\u00bb row_border_radius_applies=\u00a0\u00bbbg\u00a0\u00bb overflow=\u00a0\u00bbvisible\u00a0\u00bb advanced_gradient_angle=\u00a0\u00bb0&Prime; overlay_strength=\u00a0\u00bb0.3&Prime; gradient_direction=\u00a0\u00bbleft_to_right\u00a0\u00bb shape_divider_position=\u00a0\u00bbbottom\u00a0\u00bb bg_image_animation=\u00a0\u00bbnone\u00a0\u00bb shape_type=\u00a0\u00bb\u00a0\u00bb][vc_column column_padding=\u00a0\u00bbno-extra-padding\u00a0\u00bb column_padding_tablet=\u00a0\u00bbinherit\u00a0\u00bb column_padding_phone=\u00a0\u00bbinherit\u00a0\u00bb column_padding_position=\u00a0\u00bball\u00a0\u00bb column_element_direction_desktop=\u00a0\u00bbdefault\u00a0\u00bb column_element_spacing=\u00a0\u00bbdefault\u00a0\u00bb desktop_text_alignment=\u00a0\u00bbdefault\u00a0\u00bb tablet_text_alignment=\u00a0\u00bbdefault\u00a0\u00bb phone_text_alignment=\u00a0\u00bbdefault\u00a0\u00bb background_color_opacity=\u00a0\u00bb1&Prime; background_hover_color_opacity=\u00a0\u00bb1&Prime; column_backdrop_filter=\u00a0\u00bbnone\u00a0\u00bb column_shadow=\u00a0\u00bbnone\u00a0\u00bb column_border_radius=\u00a0\u00bbnone\u00a0\u00bb column_link_target=\u00a0\u00bb_self\u00a0\u00bb column_position=\u00a0\u00bbdefault\u00a0\u00bb gradient_direction=\u00a0\u00bbleft_to_right\u00a0\u00bb overlay_strength=\u00a0\u00bb0.3&Prime; width=\u00a0\u00bb1\/1&Prime; tablet_width_inherit=\u00a0\u00bbdefault\u00a0\u00bb animation_type=\u00a0\u00bbdefault\u00a0\u00bb bg_image_animation=\u00a0\u00bbnone\u00a0\u00bb border_type=\u00a0\u00bbsimple\u00a0\u00bb column_border_width=\u00a0\u00bbnone\u00a0\u00bb column_border_style=\u00a0\u00bbsolid\u00a0\u00bb]<div class=\"gusta-align-left  \"><ol id=\"breadcrumb-14810656462ea3b344ba88\" class=\"ss-element gusta-breadcrumb  slash\"><li><a href=\"https:\/\/www.dataction.com\/\" title=\"DatAction\">DatAction<\/a><\/li><li><a href=\"https:\/\/www.dataction.com\/sectoren\/\" title=\"Sectoren\">Sectoren<\/a><\/li><li><a href=\"https:\/\/www.dataction.com\/sectoren\/logistiek\/\" title=\"Logistiek\">Logistiek<\/a><\/li><li class=\"active\">Entreprises portuaires<\/li><\/ol><\/div><div class=\"gusta-clear gusta-mobile-clear\"><\/div>[\/vc_column][\/vc_row][vc_row type=\u00a0\u00bbin_container\u00a0\u00bb full_screen_row_position=\u00a0\u00bbmiddle\u00a0\u00bb column_margin=\u00a0\u00bb40px\u00a0\u00bb equal_height=\u00a0\u00bbyes\u00a0\u00bb content_placement=\u00a0\u00bbmiddle\u00a0\u00bb column_direction=\u00a0\u00bbdefault\u00a0\u00bb column_direction_tablet=\u00a0\u00bbdefault\u00a0\u00bb column_direction_phone=\u00a0\u00bbdefault\u00a0\u00bb scene_position=\u00a0\u00bbcenter\u00a0\u00bb top_margin=\u00a0\u00bb45&Prime; bottom_margin=\u00a0\u00bb90&Prime; text_color=\u00a0\u00bbdark\u00a0\u00bb text_align=\u00a0\u00bbleft\u00a0\u00bb row_border_radius=\u00a0\u00bbnone\u00a0\u00bb row_border_radius_applies=\u00a0\u00bbbg\u00a0\u00bb overflow=\u00a0\u00bbvisible\u00a0\u00bb advanced_gradient_angle=\u00a0\u00bb0&Prime; overlay_strength=\u00a0\u00bb0.3&Prime; gradient_direction=\u00a0\u00bbleft_to_right\u00a0\u00bb shape_divider_position=\u00a0\u00bbbottom\u00a0\u00bb bg_image_animation=\u00a0\u00bbnone\u00a0\u00bb shape_type=\u00a0\u00bb\u00a0\u00bb][vc_column column_padding=\u00a0\u00bbno-extra-padding\u00a0\u00bb column_padding_tablet=\u00a0\u00bbinherit\u00a0\u00bb column_padding_phone=\u00a0\u00bbinherit\u00a0\u00bb column_padding_position=\u00a0\u00bball\u00a0\u00bb column_element_direction_desktop=\u00a0\u00bbdefault\u00a0\u00bb column_element_spacing=\u00a0\u00bbdefault\u00a0\u00bb desktop_text_alignment=\u00a0\u00bbdefault\u00a0\u00bb tablet_text_alignment=\u00a0\u00bbdefault\u00a0\u00bb phone_text_alignment=\u00a0\u00bbdefault\u00a0\u00bb background_color_opacity=\u00a0\u00bb1&Prime; background_hover_color_opacity=\u00a0\u00bb1&Prime; column_backdrop_filter=\u00a0\u00bbnone\u00a0\u00bb column_shadow=\u00a0\u00bbnone\u00a0\u00bb column_border_radius=\u00a0\u00bbnone\u00a0\u00bb column_link_target=\u00a0\u00bb_self\u00a0\u00bb column_position=\u00a0\u00bbdefault\u00a0\u00bb gradient_direction=\u00a0\u00bbleft_to_right\u00a0\u00bb overlay_strength=\u00a0\u00bb0.3&Prime; width=\u00a0\u00bb1\/2&Prime; tablet_width_inherit=\u00a0\u00bbdefault\u00a0\u00bb animation_type=\u00a0\u00bbdefault\u00a0\u00bb bg_image_animation=\u00a0\u00bbnone\u00a0\u00bb border_type=\u00a0\u00bbsimple\u00a0\u00bb column_border_width=\u00a0\u00bbnone\u00a0\u00bb column_border_style=\u00a0\u00bbsolid\u00a0\u00bb][vc_custom_heading text=\u00a0\u00bbEntreprises portuaires\u00a0\u00bb font_container=\u00a0\u00bbtag:h1|text_align:left|color:%230a0a0a\u00a0\u00bb use_theme_fonts=\u00a0\u00bbyes\u00a0\u00bb css=\u00a0\u00bb.vc_custom_1690311091057{padding-bottom: 25px !important;}\u00a0\u00bb][vc_custom_heading text=\u00a0\u00bbAutomatisation pour l&rsquo;industrie portuaire\u00a0\u00bb font_container=\u00a0\u00bbtag:h4|text_align:left\u00a0\u00bb use_theme_fonts=\u00a0\u00bbyes\u00a0\u00bb css=\u00a0\u00bb.vc_custom_1690311102769{padding-bottom: 15px !important;}\u00a0\u00bb][vc_column_text]\n<div id=\"component278\" class=\"component col-xs-12 col-sm-12 col-md-12 \" data-component-id=\"278\" data-component-type=\"26\" data-metrics-cat=\"intro\">\n<div class=\"text text--large text--intro reading\" data-umbrella-location=\"text\">\n<p>La tendance \u00e0 l&rsquo;automatisation se poursuit de mani\u00e8re ininterrompue, m\u00eame dans le secteur portuaire. L&rsquo;automatisation de certains processus offre naturellement des avantages \u00e9conomiques. Tout comme \u00ab\u00a0Industrie 4.0\u00a0\u00bb, le concept de \u00ab\u00a0Port 4.0\u00a0\u00bb est en pleine expansion.<\/p>\n<\/div>\n<\/div>\n[\/vc_column_text][nectar_btn size=\u00a0\u00bblarge\u00a0\u00bb button_style=\u00a0\u00bbregular\u00a0\u00bb button_color_2=\u00a0\u00bbExtra-Color-3&Prime; icon_family=\u00a0\u00bbfontawesome\u00a0\u00bb text=\u00a0\u00bbEn savoir plus\u00a0\u00bb margin_right=\u00a0\u00bb15&Prime; url=\u00a0\u00bb#informatie\u00a0\u00bb icon_fontawesome=\u00a0\u00bbfa fa-chevron-right\u00a0\u00bb][\/vc_column][vc_column column_padding=\u00a0\u00bbno-extra-padding\u00a0\u00bb column_padding_tablet=\u00a0\u00bbinherit\u00a0\u00bb column_padding_phone=\u00a0\u00bbinherit\u00a0\u00bb column_padding_position=\u00a0\u00bball\u00a0\u00bb column_element_direction_desktop=\u00a0\u00bbdefault\u00a0\u00bb column_element_spacing=\u00a0\u00bbdefault\u00a0\u00bb desktop_text_alignment=\u00a0\u00bbdefault\u00a0\u00bb tablet_text_alignment=\u00a0\u00bbdefault\u00a0\u00bb phone_text_alignment=\u00a0\u00bbdefault\u00a0\u00bb background_color_opacity=\u00a0\u00bb1&Prime; background_hover_color_opacity=\u00a0\u00bb1&Prime; column_backdrop_filter=\u00a0\u00bbnone\u00a0\u00bb column_shadow=\u00a0\u00bbnone\u00a0\u00bb column_border_radius=\u00a0\u00bbnone\u00a0\u00bb column_link_target=\u00a0\u00bb_self\u00a0\u00bb column_position=\u00a0\u00bbdefault\u00a0\u00bb advanced_gradient_angle=\u00a0\u00bb0&Prime; gradient_direction=\u00a0\u00bbleft_to_right\u00a0\u00bb overlay_strength=\u00a0\u00bb0.3&Prime; width=\u00a0\u00bb1\/2&Prime; tablet_width_inherit=\u00a0\u00bbdefault\u00a0\u00bb animation_type=\u00a0\u00bbdefault\u00a0\u00bb bg_image_animation=\u00a0\u00bbnone\u00a0\u00bb border_type=\u00a0\u00bbsimple\u00a0\u00bb column_border_width=\u00a0\u00bbnone\u00a0\u00bb column_border_style=\u00a0\u00bbsolid\u00a0\u00bb column_padding_type=\u00a0\u00bbdefault\u00a0\u00bb][image_with_animation image_url=\u00a0\u00bb1009420&Prime; image_size=\u00a0\u00bbfull\u00a0\u00bb animation_type=\u00a0\u00bbentrance\u00a0\u00bb animation=\u00a0\u00bbNone\u00a0\u00bb animation_movement_type=\u00a0\u00bbtransform_y\u00a0\u00bb hover_animation=\u00a0\u00bbnone\u00a0\u00bb alignment=\u00a0\u00bb\u00a0\u00bb img_link_large=\u00a0\u00bbyes\u00a0\u00bb border_radius=\u00a0\u00bbnone\u00a0\u00bb box_shadow=\u00a0\u00bbnone\u00a0\u00bb image_loading=\u00a0\u00bbdefault\u00a0\u00bb max_width=\u00a0\u00bb100%\u00a0\u00bb max_width_mobile=\u00a0\u00bbdefault\u00a0\u00bb][\/vc_column][\/vc_row][vc_row type=\u00a0\u00bbin_container\u00a0\u00bb full_screen_row_position=\u00a0\u00bbmiddle\u00a0\u00bb column_margin=\u00a0\u00bbdefault\u00a0\u00bb column_direction=\u00a0\u00bbdefault\u00a0\u00bb column_direction_tablet=\u00a0\u00bbdefault\u00a0\u00bb column_direction_phone=\u00a0\u00bbdefault\u00a0\u00bb scene_position=\u00a0\u00bbcenter\u00a0\u00bb top_margin=\u00a0\u00bb90&Prime; text_color=\u00a0\u00bbdark\u00a0\u00bb text_align=\u00a0\u00bbleft\u00a0\u00bb row_border_radius=\u00a0\u00bbnone\u00a0\u00bb row_border_radius_applies=\u00a0\u00bbbg\u00a0\u00bb overflow=\u00a0\u00bbvisible\u00a0\u00bb id=\u00a0\u00bbinformatie\u00a0\u00bb advanced_gradient_angle=\u00a0\u00bb0&Prime; overlay_strength=\u00a0\u00bb0.3&Prime; gradient_direction=\u00a0\u00bbleft_to_right\u00a0\u00bb shape_divider_position=\u00a0\u00bbbottom\u00a0\u00bb bg_image_animation=\u00a0\u00bbnone\u00a0\u00bb shape_type=\u00a0\u00bb\u00a0\u00bb][vc_column column_padding=\u00a0\u00bbno-extra-padding\u00a0\u00bb column_padding_tablet=\u00a0\u00bbinherit\u00a0\u00bb column_padding_phone=\u00a0\u00bbinherit\u00a0\u00bb column_padding_position=\u00a0\u00bball\u00a0\u00bb column_element_direction_desktop=\u00a0\u00bbdefault\u00a0\u00bb column_element_spacing=\u00a0\u00bbdefault\u00a0\u00bb desktop_text_alignment=\u00a0\u00bbdefault\u00a0\u00bb tablet_text_alignment=\u00a0\u00bbdefault\u00a0\u00bb phone_text_alignment=\u00a0\u00bbdefault\u00a0\u00bb background_color_opacity=\u00a0\u00bb1&Prime; background_hover_color_opacity=\u00a0\u00bb1&Prime; column_backdrop_filter=\u00a0\u00bbnone\u00a0\u00bb column_shadow=\u00a0\u00bbnone\u00a0\u00bb column_border_radius=\u00a0\u00bbnone\u00a0\u00bb column_link_target=\u00a0\u00bb_self\u00a0\u00bb column_position=\u00a0\u00bbdefault\u00a0\u00bb gradient_direction=\u00a0\u00bbleft_to_right\u00a0\u00bb overlay_strength=\u00a0\u00bb0.3&Prime; width=\u00a0\u00bb1\/1&Prime; tablet_width_inherit=\u00a0\u00bbdefault\u00a0\u00bb animation_type=\u00a0\u00bbdefault\u00a0\u00bb bg_image_animation=\u00a0\u00bbnone\u00a0\u00bb border_type=\u00a0\u00bbsimple\u00a0\u00bb column_border_width=\u00a0\u00bbnone\u00a0\u00bb column_border_style=\u00a0\u00bbsolid\u00a0\u00bb][vc_custom_heading text=\u00a0\u00bbAutomobile\u00a0\u00bb font_container=\u00a0\u00bbtag:h2|text_align:left|color:%230a0a0a\u00a0\u00bb use_theme_fonts=\u00a0\u00bbyes\u00a0\u00bb css=\u00a0\u00bb.vc_custom_1695322951416{padding-bottom: 45px !important;}\u00a0\u00bb][tabbed_section style=\u00a0\u00bbvertical_scrolling\u00a0\u00bb tab_color=\u00a0\u00bbAccent-Color\u00a0\u00bb vs_navigation_func=\u00a0\u00bbdefault\u00a0\u00bb vs_navigation_width=\u00a0\u00bbnarrow\u00a0\u00bb vs_navigation_spacing=\u00a0\u00bb40px\u00a0\u00bb vs_navigation_mobile_display=\u00a0\u00bbhidden\u00a0\u00bb vs_tab_spacing=\u00a0\u00bb0%\u00a0\u00bb vs_tab_tag=\u00a0\u00bbp\u00a0\u00bb vs_cta_style=\u00a0\u00bbsee-through\u00a0\u00bb vs_cta_bg_color=\u00a0\u00bbdefault\u00a0\u00bb vs_cta_heading_tag=\u00a0\u00bbh6&Prime; vs_sticky_aspect=\u00a0\u00bbdefault\u00a0\u00bb][tab icon_family=\u00a0\u00bbnone\u00a0\u00bb title=\u00a0\u00bbDes solutions fiables pour l&rsquo;industrie portuaire\u00a0\u00bb id=\u00a0\u00bb1703091074734-9&Prime; tab_id=\u00a0\u00bb1703091074735-2&Prime;][vc_custom_heading text=\u00a0\u00bbDes solutions fiables pour l&rsquo;industrie portuaire\u00a0\u00bb font_container=\u00a0\u00bbtag:h2|text_align:left|color:%230a0a0a\u00a0\u00bb use_theme_fonts=\u00a0\u00bbyes\u00a0\u00bb css=\u00a0\u00bb.vc_custom_1690311153825{padding-bottom: 25px !important;}\u00a0\u00bb][vc_column_text]Dans les zones portuaires, il est crucial de chercher \u00e0 optimiser la tra\u00e7abilit\u00e9 et l&rsquo;enregistrement des marchandises. DatAction propose des \u00e9quipements robustes con\u00e7us pour \u00eatre utilis\u00e9s dans les environnements portuaires, facilitant ainsi l&rsquo;enregistrement des conteneurs et le suivi du transport.<\/p>\n<p>Assurer la continuit\u00e9 dans ce secteur exige des solutions bien con\u00e7ues qui sont capables de fournir des r\u00e9sultats optimaux, m\u00eame dans des conditions\u00a0difficiles.[\/vc_column_text][vc_gallery type=\u00a0\u00bbimage_grid\u00a0\u00bb images=\u00a0\u00bb1009421,1009422&Prime; image_grid_loading=\u00a0\u00bbdefault\u00a0\u00bb layout=\u00a0\u00bb2&Prime; item_spacing=\u00a0\u00bbdefault\u00a0\u00bb gallery_style=\u00a0\u00bb5&Prime; load_in_animation=\u00a0\u00bbnone\u00a0\u00bb][\/tab][tab icon_family=\u00a0\u00bbnone\u00a0\u00bb title=\u00a0\u00bbLes d\u00e9fis du secteur portuaire\u00a0\u00bb id=\u00a0\u00bb1703091074787-4&Prime; tab_id=\u00a0\u00bb1703091074787-9&Prime;][vc_custom_heading text=\u00a0\u00bbLes d\u00e9fis de l&rsquo;industrie portuaire\u00a0\u00bb font_container=\u00a0\u00bbtag:h2|text_align:left|color:%230a0a0a\u00a0\u00bb use_theme_fonts=\u00a0\u00bbyes\u00a0\u00bb css=\u00a0\u00bb.vc_custom_1690311193576{padding-bottom: 25px !important;}\u00a0\u00bb][vc_column_text]\n<div id=\"component193\" class=\"component col-xs-12 col-sm-12 col-md-12 \" data-component-id=\"193\" data-component-type=\"9\" data-metrics-cat=\"text\">\n<div class=\"text reading\" data-umbrella-location=\"text\">\n<p>Une zone portuaire est indubitablement vaste, avec une disposition des conteneurs qui \u00e9volue presque quotidiennement. Les chariots \u00e9l\u00e9vateurs circulent en permanence sur l&rsquo;ensemble du site, 24h\/24 et 7j\/7, ce qui requiert que les terminaux de camions et les scanners correspondants soient op\u00e9rationnels en tout point. Un tel environnement dynamique pr\u00e9sente naturellement plusieurs d\u00e9fis :<\/p>\n<ul>\n<li>Assurer une couverture WiFi sur l&rsquo;ensemble de la zone portuaire ;<\/li>\n<li>Garantir le bon fonctionnement des terminaux manuels et des camions malgr\u00e9 les vibrations des chariots \u00e9l\u00e9vateurs, dans des conditions difficiles ;<\/li>\n<li>Faire face aux contraintes li\u00e9es aux v\u00eatements de travail qui peuvent compliquer la saisie et la num\u00e9risation des donn\u00e9es.<\/li>\n<\/ul>\n<p>DatAction propose et met en \u0153uvre des solutions informatiques mobiles robustes qui r\u00e9pondent \u00e0 chacun de ces d\u00e9fis. De plus, sp\u00e9cialis\u00e9s dans les r\u00e9seaux sans fil, nous sommes en mesure d&rsquo;assurer une connectivit\u00e9 optimale.<\/p>\n<p>Si votre entreprise op\u00e8re dans le secteur portuaire et recherche des solutions logistiques orient\u00e9es vers l&rsquo;avenir, n&rsquo;h\u00e9sitez pas \u00e0 nous contacter pour obtenir davantage d&rsquo;informations ou discuter de vos d\u00e9fis\u00a0sp\u00e9cifiques.<\/p>\n<\/div>\n<\/div>\n[\/vc_column_text][\/tab][\/tabbed_section][\/vc_column][\/vc_row][vc_row type=\u00a0\u00bbin_container\u00a0\u00bb full_screen_row_position=\u00a0\u00bbmiddle\u00a0\u00bb column_margin=\u00a0\u00bbdefault\u00a0\u00bb column_direction=\u00a0\u00bbdefault\u00a0\u00bb column_direction_tablet=\u00a0\u00bbdefault\u00a0\u00bb column_direction_phone=\u00a0\u00bbdefault\u00a0\u00bb scene_position=\u00a0\u00bbcenter\u00a0\u00bb top_padding=\u00a0\u00bb45&Prime; text_color=\u00a0\u00bbdark\u00a0\u00bb text_align=\u00a0\u00bbleft\u00a0\u00bb row_border_radius=\u00a0\u00bbnone\u00a0\u00bb row_border_radius_applies=\u00a0\u00bbbg\u00a0\u00bb overflow=\u00a0\u00bbvisible\u00a0\u00bb advanced_gradient_angle=\u00a0\u00bb0&Prime; overlay_strength=\u00a0\u00bb0.3&Prime; gradient_direction=\u00a0\u00bbleft_to_right\u00a0\u00bb shape_divider_position=\u00a0\u00bbbottom\u00a0\u00bb bg_image_animation=\u00a0\u00bbnone\u00a0\u00bb shape_type=\u00a0\u00bb\u00a0\u00bb][vc_column column_padding=\u00a0\u00bbno-extra-padding\u00a0\u00bb column_padding_tablet=\u00a0\u00bbinherit\u00a0\u00bb column_padding_phone=\u00a0\u00bbinherit\u00a0\u00bb column_padding_position=\u00a0\u00bball\u00a0\u00bb column_element_direction_desktop=\u00a0\u00bbdefault\u00a0\u00bb column_element_spacing=\u00a0\u00bbdefault\u00a0\u00bb desktop_text_alignment=\u00a0\u00bbdefault\u00a0\u00bb tablet_text_alignment=\u00a0\u00bbdefault\u00a0\u00bb phone_text_alignment=\u00a0\u00bbdefault\u00a0\u00bb background_color_opacity=\u00a0\u00bb1&Prime; background_hover_color_opacity=\u00a0\u00bb1&Prime; column_backdrop_filter=\u00a0\u00bbnone\u00a0\u00bb column_shadow=\u00a0\u00bbnone\u00a0\u00bb column_border_radius=\u00a0\u00bbnone\u00a0\u00bb column_link_target=\u00a0\u00bb_self\u00a0\u00bb column_position=\u00a0\u00bbdefault\u00a0\u00bb gradient_direction=\u00a0\u00bbleft_to_right\u00a0\u00bb overlay_strength=\u00a0\u00bb0.3&Prime; width=\u00a0\u00bb1\/1&Prime; tablet_width_inherit=\u00a0\u00bbdefault\u00a0\u00bb animation_type=\u00a0\u00bbdefault\u00a0\u00bb bg_image_animation=\u00a0\u00bbnone\u00a0\u00bb border_type=\u00a0\u00bbsimple\u00a0\u00bb column_border_width=\u00a0\u00bbnone\u00a0\u00bb column_border_style=\u00a0\u00bbsolid\u00a0\u00bb][nectar_global_section id=\u00a0\u00bb1010082&Prime;][\/vc_column][\/vc_row]\n","protected":false},"excerpt":{"rendered":"<p>[vc_row type=\u00a0\u00bbin_container\u00a0\u00bb full_screen_row_position=\u00a0\u00bbmiddle\u00a0\u00bb column_margin=\u00a0\u00bbdefault\u00a0\u00bb column_direction=\u00a0\u00bbdefault\u00a0\u00bb column_direction_tablet=\u00a0\u00bbdefault\u00a0\u00bb column_direction_phone=\u00a0\u00bbdefault\u00a0\u00bb scene_position=\u00a0\u00bbcenter\u00a0\u00bb text_color=\u00a0\u00bbdark\u00a0\u00bb text_align=\u00a0\u00bbleft\u00a0\u00bb row_border_radius=\u00a0\u00bbnone\u00a0\u00bb row_border_radius_applies=\u00a0\u00bbbg\u00a0\u00bb overflow=\u00a0\u00bbvisible\u00a0\u00bb advanced_gradient_angle=\u00a0\u00bb0&Prime; overlay_strength=\u00a0\u00bb0.3&Prime; gradient_direction=\u00a0\u00bbleft_to_right\u00a0\u00bb shape_divider_position=\u00a0\u00bbbottom\u00a0\u00bb bg_image_animation=\u00a0\u00bbnone\u00a0\u00bb shape_type=\u00a0\u00bb\u00a0\u00bb][vc_column column_padding=\u00a0\u00bbno-extra-padding\u00a0\u00bb column_padding_tablet=\u00a0\u00bbinherit\u00a0\u00bb column_padding_phone=\u00a0\u00bbinherit\u00a0\u00bb column_padding_position=\u00a0\u00bball\u00a0\u00bb column_element_direction_desktop=\u00a0\u00bbdefault\u00a0\u00bb column_element_spacing=\u00a0\u00bbdefault\u00a0\u00bb desktop_text_alignment=\u00a0\u00bbdefault\u00a0\u00bb tablet_text_alignment=\u00a0\u00bbdefault\u00a0\u00bb phone_text_alignment=\u00a0\u00bbdefault\u00a0\u00bb background_color_opacity=\u00a0\u00bb1&Prime; background_hover_color_opacity=\u00a0\u00bb1&Prime;&#8230;<\/p>\n","protected":false},"author":4,"featured_media":0,"parent":1012677,"menu_order":0,"comment_status":"closed","ping_status":"closed","template":"","meta":{"inline_featured_image":false,"footnotes":""},"class_list":["post-1012690","page","type-page","status-publish"],"yoast_head":"<!-- This site is optimized with the Yoast SEO plugin v25.9 - https:\/\/yoast.com\/wordpress\/plugins\/seo\/ -->\n<title>Entreprises portuaires - DatAction<\/title>\n<meta name=\"description\" content=\"La tendance \u00e0 l&#039;automatisation se poursuit \u00e9galement dans les ports, apportant naturellement des avantages \u00e9conomiques gr\u00e2ce \u00e0 l&#039;optimisation de certains\u00a0processus.\" \/>\n<meta name=\"robots\" content=\"index, follow, max-snippet:-1, max-image-preview:large, max-video-preview:-1\" \/>\n<link rel=\"canonical\" href=\"https:\/\/www.dataction.com\/fr\/secteurs\/logistique\/les-entreprises-portuaires\/\" \/>\n<meta property=\"og:locale\" content=\"fr_FR\" \/>\n<meta property=\"og:type\" content=\"article\" \/>\n<meta property=\"og:title\" content=\"Entreprises portuaires - DatAction\" \/>\n<meta property=\"og:description\" content=\"La tendance \u00e0 l&#039;automatisation se poursuit \u00e9galement dans les ports, apportant naturellement des avantages \u00e9conomiques gr\u00e2ce \u00e0 l&#039;optimisation de certains\u00a0processus.\" \/>\n<meta property=\"og:url\" content=\"https:\/\/www.dataction.com\/fr\/secteurs\/logistique\/les-entreprises-portuaires\/\" \/>\n<meta property=\"og:site_name\" content=\"DatAction\" \/>\n<meta property=\"article:modified_time\" content=\"2023-12-20T16:55:39+00:00\" \/>\n<meta name=\"twitter:card\" content=\"summary_large_image\" \/>\n<meta name=\"twitter:label1\" content=\"Dur\u00e9e de lecture estim\u00e9e\" \/>\n\t<meta name=\"twitter:data1\" content=\"4 minutes\" \/>\n<script type=\"application\/ld+json\" class=\"yoast-schema-graph\">{\"@context\":\"https:\/\/schema.org\",\"@graph\":[{\"@type\":\"WebPage\",\"@id\":\"https:\/\/www.dataction.com\/fr\/secteurs\/logistique\/les-entreprises-portuaires\/\",\"url\":\"https:\/\/www.dataction.com\/fr\/secteurs\/logistique\/les-entreprises-portuaires\/\",\"name\":\"Entreprises portuaires - DatAction\",\"isPartOf\":{\"@id\":\"https:\/\/www.dataction.com\/fr\/#website\"},\"datePublished\":\"2022-09-26T08:53:00+00:00\",\"dateModified\":\"2023-12-20T16:55:39+00:00\",\"description\":\"La tendance \u00e0 l'automatisation se poursuit \u00e9galement dans les ports, apportant naturellement des avantages \u00e9conomiques gr\u00e2ce \u00e0 l'optimisation de certains\u00a0processus.\",\"breadcrumb\":{\"@id\":\"https:\/\/www.dataction.com\/fr\/secteurs\/logistique\/les-entreprises-portuaires\/#breadcrumb\"},\"inLanguage\":\"fr-FR\",\"potentialAction\":[{\"@type\":\"ReadAction\",\"target\":[\"https:\/\/www.dataction.com\/fr\/secteurs\/logistique\/les-entreprises-portuaires\/\"]}]},{\"@type\":\"BreadcrumbList\",\"@id\":\"https:\/\/www.dataction.com\/fr\/secteurs\/logistique\/les-entreprises-portuaires\/#breadcrumb\",\"itemListElement\":[{\"@type\":\"ListItem\",\"position\":1,\"name\":\"Home\",\"item\":\"https:\/\/www.dataction.com\/fr\/\"},{\"@type\":\"ListItem\",\"position\":2,\"name\":\"Secteurs\",\"item\":\"https:\/\/www.dataction.com\/fr\/secteurs\/\"},{\"@type\":\"ListItem\",\"position\":3,\"name\":\"Logistique\",\"item\":\"https:\/\/www.dataction.com\/fr\/secteurs\/logistique\/\"},{\"@type\":\"ListItem\",\"position\":4,\"name\":\"Entreprises portuaires\"}]},{\"@type\":\"WebSite\",\"@id\":\"https:\/\/www.dataction.com\/fr\/#website\",\"url\":\"https:\/\/www.dataction.com\/fr\/\",\"name\":\"DatAction\",\"description\":\"Betrouwbare technologie partner voor logistieke oplossingen en warehouse optimalisatie\",\"potentialAction\":[{\"@type\":\"SearchAction\",\"target\":{\"@type\":\"EntryPoint\",\"urlTemplate\":\"https:\/\/www.dataction.com\/fr\/?s={search_term_string}\"},\"query-input\":{\"@type\":\"PropertyValueSpecification\",\"valueRequired\":true,\"valueName\":\"search_term_string\"}}],\"inLanguage\":\"fr-FR\"}]}<\/script>\n<!-- \/ Yoast SEO plugin. -->","yoast_head_json":{"title":"Entreprises portuaires - DatAction","description":"La tendance \u00e0 l'automatisation se poursuit \u00e9galement dans les ports, apportant naturellement des avantages \u00e9conomiques gr\u00e2ce \u00e0 l'optimisation de certains\u00a0processus.","robots":{"index":"index","follow":"follow","max-snippet":"max-snippet:-1","max-image-preview":"max-image-preview:large","max-video-preview":"max-video-preview:-1"},"canonical":"https:\/\/www.dataction.com\/fr\/secteurs\/logistique\/les-entreprises-portuaires\/","og_locale":"fr_FR","og_type":"article","og_title":"Entreprises portuaires - DatAction","og_description":"La tendance \u00e0 l'automatisation se poursuit \u00e9galement dans les ports, apportant naturellement des avantages \u00e9conomiques gr\u00e2ce \u00e0 l'optimisation de certains\u00a0processus.","og_url":"https:\/\/www.dataction.com\/fr\/secteurs\/logistique\/les-entreprises-portuaires\/","og_site_name":"DatAction","article_modified_time":"2023-12-20T16:55:39+00:00","twitter_card":"summary_large_image","twitter_misc":{"Dur\u00e9e de lecture estim\u00e9e":"4 minutes"},"schema":{"@context":"https:\/\/schema.org","@graph":[{"@type":"WebPage","@id":"https:\/\/www.dataction.com\/fr\/secteurs\/logistique\/les-entreprises-portuaires\/","url":"https:\/\/www.dataction.com\/fr\/secteurs\/logistique\/les-entreprises-portuaires\/","name":"Entreprises portuaires - DatAction","isPartOf":{"@id":"https:\/\/www.dataction.com\/fr\/#website"},"datePublished":"2022-09-26T08:53:00+00:00","dateModified":"2023-12-20T16:55:39+00:00","description":"La tendance \u00e0 l'automatisation se poursuit \u00e9galement dans les ports, apportant naturellement des avantages \u00e9conomiques gr\u00e2ce \u00e0 l'optimisation de certains\u00a0processus.","breadcrumb":{"@id":"https:\/\/www.dataction.com\/fr\/secteurs\/logistique\/les-entreprises-portuaires\/#breadcrumb"},"inLanguage":"fr-FR","potentialAction":[{"@type":"ReadAction","target":["https:\/\/www.dataction.com\/fr\/secteurs\/logistique\/les-entreprises-portuaires\/"]}]},{"@type":"BreadcrumbList","@id":"https:\/\/www.dataction.com\/fr\/secteurs\/logistique\/les-entreprises-portuaires\/#breadcrumb","itemListElement":[{"@type":"ListItem","position":1,"name":"Home","item":"https:\/\/www.dataction.com\/fr\/"},{"@type":"ListItem","position":2,"name":"Secteurs","item":"https:\/\/www.dataction.com\/fr\/secteurs\/"},{"@type":"ListItem","position":3,"name":"Logistique","item":"https:\/\/www.dataction.com\/fr\/secteurs\/logistique\/"},{"@type":"ListItem","position":4,"name":"Entreprises portuaires"}]},{"@type":"WebSite","@id":"https:\/\/www.dataction.com\/fr\/#website","url":"https:\/\/www.dataction.com\/fr\/","name":"DatAction","description":"Betrouwbare technologie partner voor logistieke oplossingen en warehouse optimalisatie","potentialAction":[{"@type":"SearchAction","target":{"@type":"EntryPoint","urlTemplate":"https:\/\/www.dataction.com\/fr\/?s={search_term_string}"},"query-input":{"@type":"PropertyValueSpecification","valueRequired":true,"valueName":"search_term_string"}}],"inLanguage":"fr-FR"}]}},"_links":{"self":[{"href":"https:\/\/www.dataction.com\/fr\/wp-json\/wp\/v2\/pages\/1012690","targetHints":{"allow":["GET"]}}],"collection":[{"href":"https:\/\/www.dataction.com\/fr\/wp-json\/wp\/v2\/pages"}],"about":[{"href":"https:\/\/www.dataction.com\/fr\/wp-json\/wp\/v2\/types\/page"}],"author":[{"embeddable":true,"href":"https:\/\/www.dataction.com\/fr\/wp-json\/wp\/v2\/users\/4"}],"replies":[{"embeddable":true,"href":"https:\/\/www.dataction.com\/fr\/wp-json\/wp\/v2\/comments?post=1012690"}],"version-history":[{"count":6,"href":"https:\/\/www.dataction.com\/fr\/wp-json\/wp\/v2\/pages\/1012690\/revisions"}],"predecessor-version":[{"id":1014059,"href":"https:\/\/www.dataction.com\/fr\/wp-json\/wp\/v2\/pages\/1012690\/revisions\/1014059"}],"up":[{"embeddable":true,"href":"https:\/\/www.dataction.com\/fr\/wp-json\/wp\/v2\/pages\/1012677"}],"wp:attachment":[{"href":"https:\/\/www.dataction.com\/fr\/wp-json\/wp\/v2\/media?parent=1012690"}],"curies":[{"name":"wp","href":"https:\/\/api.w.org\/{rel}","templated":true}]}}